{"id":11854,"date":"2019-01-24T23:29:43","date_gmt":"2019-01-24T22:29:43","guid":{"rendered":"https:\/\/bestattungen-haubrich.de\/?page_id=11854"},"modified":"2019-09-05T13:51:43","modified_gmt":"2019-09-05T11:51:43","slug":"formalitaeten","status":"publish","type":"page","link":"https:\/\/bestattungen-haubrich.de\/?page_id=11854","title":{"rendered":"Im Trauerfall"},"content":{"rendered":"<p>[vc_row][vc_column][vc_separator color=&#8220;green&#8220; style=&#8220;shadow&#8220; border_width=&#8220;10&#8243;][\/vc_column][\/vc_row][vc_row][vc_column][vc_column_text]<\/p>\n<div id=\"mainP\">\n<div class=\"inside\">\n<div id=\"was-tun\" class=\"mod_article first last block\">\n<div class=\"ce_text first block\">\n<h1>Erste Schritte im Trauerfall<\/h1>\n<p><strong>Wenn ein geliebter Mensch stirbt, sind die Angeh\u00f6rigen oft mit ihren Gef\u00fchlen \u00fcberfordert und wissen nicht, was sie jetzt tun sollen. In jedem Fall muss veranlasst werden, dass der Tod von einem Arzt bescheinigt wird.<\/strong><\/p>\n<p><strong>Bei allen weiteren Schritten beraten wir Sie gerne. Rufen Sie uns jederzeit an und wir vereinbaren zeitnah einen Termin zu einem Beratungsgespr\u00e4ch. Nach Absprache \u00fcbernehmen wir die erforderlichen T\u00e4tigkeiten und begleiten Sie durch Ihren Abschied.<\/strong><\/p>\n<\/div>\n<div class=\"ce_text block\">\n<h2><\/h2>\n<h2><\/h2>\n<h2><strong>Erforderliche Dokumente<\/strong><\/h2>\n<p><strong>Im Sterbefall sind einige Beh\u00f6rdeng\u00e4nge notwendig, f\u00fcr die bestimmte Unterlagen gebraucht werden. Ist ein geliebter Mensch verstorben, dann haben Sie andere Sorgen, als sich um Papierkram zu k\u00fcmmern. Sie k\u00f6nnen diese l\u00e4stige Aufgabe vertrauensvoll in unsere H\u00e4nde geben. Wir suchen mit Ihnen die Unterlagen und beschaffen fehlende Dokumente. Wenn Sie wissen wollen, welche Unterlagen dabei wichtig sind, k\u00f6nnen Sie sich an dieser Liste orientieren:<\/strong><\/p>\n<ul>\n<li><strong>Bei Ledigen: Geburtsurkunde des Verstorbenen<\/strong><\/li>\n<li><strong>Bei Eheleuten: Stamm-\/Familienbuch oder Heiratsurkunde<\/strong><\/li>\n<li><strong>Bei Verwitweten: Siehe \u201eEheleute\u201c und Sterbeurkunde des Ehepartners<\/strong><\/li>\n<li><strong>Bei Geschiedenen: Scheidungsurteil mit Rechtskraftvermerk und Heiratsurkunde<\/strong><\/li>\n<li><strong>Personalausweis oder Reisepass<\/strong><\/li>\n<li><strong>Krankenversicherungskarte<\/strong><\/li>\n<li><strong>Ggf. Rentenunterlagen (Rentenversicherungsnummer, Betriebsrentenversicherungsnummer etc.)<\/strong><\/li>\n<\/ul>\n<p><strong>Falls vorhanden:<\/strong><\/p>\n<ul>\n<li><strong>Bestattungsvorsorgevertrag<\/strong><\/li>\n<li><strong>Lebensversicherungspolicen<\/strong><\/li>\n<li><strong>Graburkunde<\/strong><\/li>\n<li><strong>Schwerbehindertenausweis<\/strong><\/li>\n<\/ul>\n<\/div>\n<div class=\"ce_text last block\">\n<h2><\/h2>\n<h2><strong>Was wir f\u00fcr Sie tun k\u00f6nnen<\/strong><\/h2>\n<ul>\n<li><strong>Wir sind ab dem ersten Moment f\u00fcr Sie da und bleiben bis zur Beisetzung und dar\u00fcber hinaus beratend, helfend und unterst\u00fctzend an Ihrer Seite. Die folgende Auflistung verschafft Ihnen einen \u00dcberblick unserer Leistungen. Es handelt sich dabei nur um eine Auswahl. Wir passen unseren Service an Ihre individuellen Vorstellungen an. Sprechen Sie uns jederzeit gerne an, wenn Sie Fragen dazu haben.<\/strong><\/li>\n<\/ul>\n<h3><strong>Im Sterbefall<\/strong><\/h3>\n<ul>\n<li><strong>sind wir rund um die Uhr, auch an Sonn- und Feiertagen, an allen Orten f\u00fcr Sie in Dienstbereitschaft<\/strong><\/li>\n<li><strong>betreuen und beraten wir Sie umfassend und kompetent, auf Wunsch auch bei Ihnen zu Hause<\/strong><\/li>\n<li><strong>f\u00fchren wir \u00dcberf\u00fchrungen im In- und Ausland durch<\/strong><\/li>\n<li><strong>k\u00fcmmern wir uns um die fachgerechte hygienische Versorgung des Verstorbenen<\/strong><\/li>\n<li><strong>treffen wir alle Regelungen mit Beh\u00f6rden, \u00c4mtern, Versicherungen und Vertragspartnern<\/strong><\/li>\n<li><strong>beantragen wir Versicherungsleistungen und Sterbegelder<\/strong><\/li>\n<li><strong>vereinbaren wir alle notwendigen Termine und Absprachen f\u00fcr die Trauerfeier und die Beisetzung<\/strong><\/li>\n<li><strong>organisieren wir die Zusammenarbeit mit Floristen, Pfarrern, Trauerrednern, Friedh\u00f6fen etc.<\/strong><\/li>\n<li><strong>finden Sie bei uns eine gro\u00dfe Auswahl an Urnen und S\u00e4rgen<\/strong><\/li>\n<li><strong>\u00fcbernehmen wir f\u00fcr Sie die individuelle Gestaltung der Trauerdrucksachen mit Druck im eigenen Hause<\/strong><\/li>\n<li><strong>bestellen wir f\u00fcr Sie Traueranzeigen in den Tageszeitungen<\/strong><\/li>\n<li><strong>richten wir die Trauerfeier an einem Ort Ihrer Wahl aus<\/strong><\/li>\n<li><strong>vermitteln wir Floristen\/G\u00e4rtner zur Betreuung und Pflege der Grabst\u00e4tte<\/strong><\/li>\n<li><strong>vermitteln wir Ihnen einen Steinmetz f\u00fcr den Grabstein<\/strong><\/li>\n<\/ul>\n<\/div>\n<\/div>\n<\/div>\n<\/div>\n<p>[\/vc_column_text][\/vc_column][\/vc_row][vc_row][vc_column][vc_separator color=&#8220;green&#8220; style=&#8220;shadow&#8220; border_width=&#8220;10&#8243;][\/vc_column][\/vc_row]<\/p>\n","protected":false},"excerpt":{"rendered":"<p>[vc_row][vc_column][vc_separator color=&#8220;green&#8220; style=&#8220;shadow&#8220; border_width=&#8220;10&#8243;][\/vc_column][\/vc_row][vc_row][vc_column][vc_column_text] Erste Schritte im Trauerfall Wenn ein geliebter Mensch stirbt, sind die Angeh\u00f6rigen oft mit ihren Gef\u00fchlen \u00fcberfordert und wissen nicht, was sie jetzt tun sollen. In jedem Fall muss veranlasst werden, dass der Tod von einem Arzt bescheinigt wird. Bei allen weiteren Schritten beraten wir Sie gerne. Rufen Sie uns jederzeit an [&hellip;]<\/p>\n","protected":false},"author":1,"featured_media":0,"parent":0,"menu_order":0,"comment_status":"closed","ping_status":"closed","template":"","meta":{"footnotes":""},"class_list":["post-11854","page","type-page","status-publish","hentry"],"_links":{"self":[{"href":"https:\/\/bestattungen-haubrich.de\/index.php?rest_route=\/wp\/v2\/pages\/11854","targetHints":{"allow":["GET"]}}],"collection":[{"href":"https:\/\/bestattungen-haubrich.de\/index.php?rest_route=\/wp\/v2\/pages"}],"about":[{"href":"https:\/\/bestattungen-haubrich.de\/index.php?rest_route=\/wp\/v2\/types\/page"}],"author":[{"embeddable":true,"href":"https:\/\/bestattungen-haubrich.de\/index.php?rest_route=\/wp\/v2\/users\/1"}],"replies":[{"embeddable":true,"href":"https:\/\/bestattungen-haubrich.de\/index.php?rest_route=%2Fwp%2Fv2%2Fcomments&post=11854"}],"version-history":[{"count":11,"href":"https:\/\/bestattungen-haubrich.de\/index.php?rest_route=\/wp\/v2\/pages\/11854\/revisions"}],"predecessor-version":[{"id":12160,"href":"https:\/\/bestattungen-haubrich.de\/index.php?rest_route=\/wp\/v2\/pages\/11854\/revisions\/12160"}],"wp:attachment":[{"href":"https:\/\/bestattungen-haubrich.de\/index.php?rest_route=%2Fwp%2Fv2%2Fmedia&parent=11854"}],"curies":[{"name":"wp","href":"https:\/\/api.w.org\/{rel}","templated":true}]}}