{"id":11869,"date":"2019-01-24T23:33:52","date_gmt":"2019-01-24T22:33:52","guid":{"rendered":"https:\/\/bestattungen-haubrich.de\/?page_id=11869"},"modified":"2019-09-05T13:54:29","modified_gmt":"2019-09-05T11:54:29","slug":"preise","status":"publish","type":"page","link":"https:\/\/bestattungen-haubrich.de\/?page_id=11869","title":{"rendered":"Kosten"},"content":{"rendered":"<p>[vc_row][vc_column][vc_separator color=&#8220;green&#8220; style=&#8220;shadow&#8220; border_width=&#8220;10&#8243;][vc_column_text]<\/p>\n<div class=\"wpb_text_column wpb_content_element \">\n<div class=\"wpb_wrapper\">\n<h4 style=\"text-align: center;\">Bei einem Sterbefall sind grunds\u00e4tzlich eine ganze Reihe von Faktoren zu ber\u00fccksichtigen, die es praktisch unm\u00f6glich machen, im Vorfeld und ohne Detailkenntnisse eine genaue Kostenangabe \u00fcber eine zu erwartende Bestattung zu machen.<\/h4>\n<h4 style=\"text-align: center;\">Es spielt n\u00e4mlich eine entscheidende Rolle, ob man eine Erd-, Feuer- oder Seebestattung machen m\u00f6chte, ob ein Grab vorhanden ist oder ein neues gepachtet werden muss, ob man Zeitungsanzeige, Trauerdruck, eine Blumendekoration oder einen Grabstein haben m\u00f6chte oder nicht.<\/h4>\n<h4 style=\"text-align: center;\">Sprechen Sie uns bitte an !<\/h4>\n<h4 style=\"text-align: center;\">Denn erst die Summe aller erbrachten Lieferungen und Leistungen ergibt eine Endsumme, die in der Regel erst nach Kenntnis aller Gegebenheiten und W\u00fcnsche festgelegt werden kann.<\/h4>\n<h4 style=\"text-align: center;\">&#8222;Auf Wunsch erstellen wir Ihnen einen geb\u00fchrenfreien Kostenvoranschlag&#8220;<\/h4>\n<\/div>\n<\/div>\n<p>[\/vc_column_text][vc_separator color=&#8220;green&#8220; style=&#8220;shadow&#8220; border_width=&#8220;10&#8243;][\/vc_column][\/vc_row]<\/p>\n","protected":false},"excerpt":{"rendered":"<p>[vc_row][vc_column][vc_separator color=&#8220;green&#8220; style=&#8220;shadow&#8220; border_width=&#8220;10&#8243;][vc_column_text] Bei einem Sterbefall sind grunds\u00e4tzlich eine ganze Reihe von Faktoren zu ber\u00fccksichtigen, die es praktisch unm\u00f6glich machen, im Vorfeld und ohne Detailkenntnisse eine genaue Kostenangabe \u00fcber eine zu erwartende Bestattung zu machen. Es spielt n\u00e4mlich eine entscheidende Rolle, ob man eine Erd-, Feuer- oder Seebestattung machen m\u00f6chte, ob ein Grab vorhanden ist [&hellip;]<\/p>\n","protected":false},"author":1,"featured_media":0,"parent":0,"menu_order":0,"comment_status":"closed","ping_status":"closed","template":"","meta":{"footnotes":""},"class_list":["post-11869","page","type-page","status-publish","hentry"],"_links":{"self":[{"href":"https:\/\/bestattungen-haubrich.de\/index.php?rest_route=\/wp\/v2\/pages\/11869","targetHints":{"allow":["GET"]}}],"collection":[{"href":"https:\/\/bestattungen-haubrich.de\/index.php?rest_route=\/wp\/v2\/pages"}],"about":[{"href":"https:\/\/bestattungen-haubrich.de\/index.php?rest_route=\/wp\/v2\/types\/page"}],"author":[{"embeddable":true,"href":"https:\/\/bestattungen-haubrich.de\/index.php?rest_route=\/wp\/v2\/users\/1"}],"replies":[{"embeddable":true,"href":"https:\/\/bestattungen-haubrich.de\/index.php?rest_route=%2Fwp%2Fv2%2Fcomments&post=11869"}],"version-history":[{"count":6,"href":"https:\/\/bestattungen-haubrich.de\/index.php?rest_route=\/wp\/v2\/pages\/11869\/revisions"}],"predecessor-version":[{"id":12164,"href":"https:\/\/bestattungen-haubrich.de\/index.php?rest_route=\/wp\/v2\/pages\/11869\/revisions\/12164"}],"wp:attachment":[{"href":"https:\/\/bestattungen-haubrich.de\/index.php?rest_route=%2Fwp%2Fv2%2Fmedia&parent=11869"}],"curies":[{"name":"wp","href":"https:\/\/api.w.org\/{rel}","templated":true}]}}