{"id":12074,"date":"2019-05-10T14:01:37","date_gmt":"2019-05-10T12:01:37","guid":{"rendered":"https:\/\/bestattungen-haubrich.de\/?page_id=12074"},"modified":"2019-10-21T23:51:59","modified_gmt":"2019-10-21T21:51:59","slug":"unsere-raeumlichkeiten","status":"publish","type":"page","link":"https:\/\/bestattungen-haubrich.de\/?page_id=12074","title":{"rendered":"Unsere R\u00e4umlichkeiten"},"content":{"rendered":"<p>[vc_row][vc_column][vc_separator color=&#8220;green&#8220; style=&#8220;shadow&#8220; border_width=&#8220;6&#8243;][\/vc_column][\/vc_row][vc_row][vc_column][vc_column_text]<\/p>\n<div class=\"ce_text first block\">\n<h1 style=\"text-align: center;\">Unsere R\u00e4umlichkeiten<\/h1>\n<p lang=\"de-DE\">Wir empfangen Sie in unseren freundlichen R\u00e4umlichkeiten in M\u00fcnster &#8211; Hiltrup. Hier stehen wir Ihnen beratend zur Seite und Sie haben die M\u00f6glichkeit, unsere Sargausstellung zu besuchen. Wir bieten Ihnen einen ganz besonderen Raum f\u00fcr Ihren Abschied . Auch \u00fcber die Gemeindegrenzen hinaus sind wir f\u00fcr Sie da. Wenn Sie ein Kennenlernen in Ihrer vertrauten Umgebung bevorzugen, besuche wir Sie gerne auch zu Hause.<\/p>\n<\/div>\n<p>[\/vc_column_text][\/vc_column][\/vc_row][vc_row][vc_column width=&#8220;1\/4&#8243;][vc_single_image image=&#8220;12169&#8243; img_size=&#8220;medium&#8220; alignment=&#8220;center&#8220; onclick=&#8220;link_image&#8220;][\/vc_column][vc_column width=&#8220;1\/4&#8243;][vc_single_image image=&#8220;12170&#8243; img_size=&#8220;medium&#8220; alignment=&#8220;center&#8220; onclick=&#8220;link_image&#8220;][\/vc_column][vc_column width=&#8220;1\/4&#8243;][vc_single_image image=&#8220;12171&#8243; img_size=&#8220;medium&#8220; alignment=&#8220;center&#8220; onclick=&#8220;link_image&#8220;][\/vc_column][vc_column width=&#8220;1\/4&#8243;][vc_single_image image=&#8220;12172&#8243; img_size=&#8220;medium&#8220; alignment=&#8220;center&#8220; onclick=&#8220;link_image&#8220;][\/vc_column][\/vc_row][vc_row][vc_column width=&#8220;1\/4&#8243;][vc_single_image image=&#8220;12173&#8243; img_size=&#8220;medium&#8220; alignment=&#8220;center&#8220; onclick=&#8220;link_image&#8220;][\/vc_column][vc_column width=&#8220;1\/4&#8243;][vc_single_image image=&#8220;12174&#8243; img_size=&#8220;medium&#8220; alignment=&#8220;center&#8220; onclick=&#8220;link_image&#8220;][\/vc_column][vc_column width=&#8220;1\/4&#8243;][vc_single_image image=&#8220;12175&#8243; img_size=&#8220;medium&#8220; alignment=&#8220;center&#8220; onclick=&#8220;link_image&#8220;][\/vc_column][vc_column width=&#8220;1\/4&#8243;][vc_single_image image=&#8220;12176&#8243; img_size=&#8220;medium&#8220; alignment=&#8220;center&#8220; onclick=&#8220;link_image&#8220;][\/vc_column][\/vc_row][vc_row][vc_column width=&#8220;1\/4&#8243;][vc_single_image image=&#8220;12177&#8243; img_size=&#8220;medium&#8220; alignment=&#8220;center&#8220; onclick=&#8220;link_image&#8220;][\/vc_column][vc_column width=&#8220;1\/4&#8243;][vc_single_image image=&#8220;12179&#8243; img_size=&#8220;medium&#8220; alignment=&#8220;center&#8220; onclick=&#8220;link_image&#8220;][\/vc_column][vc_column width=&#8220;1\/4&#8243;][vc_single_image image=&#8220;12180&#8243; img_size=&#8220;medium&#8220; alignment=&#8220;center&#8220; onclick=&#8220;link_image&#8220;][\/vc_column][vc_column width=&#8220;1\/4&#8243;][vc_single_image image=&#8220;12181&#8243; img_size=&#8220;medium&#8220; alignment=&#8220;center&#8220; onclick=&#8220;link_image&#8220;][\/vc_column][\/vc_row][vc_row][vc_column][vc_separator color=&#8220;green&#8220; style=&#8220;shadow&#8220; border_width=&#8220;6&#8243;][\/vc_column][\/vc_row][vc_row][vc_column][vc_column_text]<\/p>\n<h1 style=\"text-align: center;\">Virtueller Rundgang<\/h1>\n<p>[\/vc_column_text][\/vc_column][\/vc_row][vc_row][vc_column][vc_column_text]<\/p>\n<p style=\"text-align: center;\"><iframe style=\"border: 0;\" src=\"https:\/\/www.google.com\/maps\/embed?pb=!4v1571243955398!6m8!1m7!1sCAoSLEFGMVFpcE9nNTJTMHk0R1BTRDNqWE1TUHVUd0FDd1JjXzh4XzZ3QzZTOENy!2m2!1d51.913165794948!2d7.6356116218413!3f90.3179336931781!4f0.2234127224693907!5f0.4000000000000002\" width=\"600\" height=\"450\" frameborder=\"0\" allowfullscreen=\"allowfullscreen\"><\/iframe><\/p>\n<p>[\/vc_column_text][\/vc_column][\/vc_row][vc_row][vc_column][vc_separator color=&#8220;green&#8220; style=&#8220;shadow&#8220; border_width=&#8220;6&#8243;][\/vc_column][\/vc_row]<\/p>\n","protected":false},"excerpt":{"rendered":"<p>[vc_row][vc_column][vc_separator color=&#8220;green&#8220; style=&#8220;shadow&#8220; border_width=&#8220;6&#8243;][\/vc_column][\/vc_row][vc_row][vc_column][vc_column_text] Unsere R\u00e4umlichkeiten Wir empfangen Sie in unseren freundlichen R\u00e4umlichkeiten in M\u00fcnster &#8211; Hiltrup. Hier stehen wir Ihnen beratend zur Seite und Sie haben die M\u00f6glichkeit, unsere Sargausstellung zu besuchen. Wir bieten Ihnen einen ganz besonderen Raum f\u00fcr Ihren Abschied . Auch \u00fcber die Gemeindegrenzen hinaus sind wir f\u00fcr Sie da. Wenn Sie [&hellip;]<\/p>\n","protected":false},"author":1,"featured_media":0,"parent":0,"menu_order":0,"comment_status":"closed","ping_status":"closed","template":"","meta":{"footnotes":""},"class_list":["post-12074","page","type-page","status-publish","hentry"],"_links":{"self":[{"href":"https:\/\/bestattungen-haubrich.de\/index.php?rest_route=\/wp\/v2\/pages\/12074","targetHints":{"allow":["GET"]}}],"collection":[{"href":"https:\/\/bestattungen-haubrich.de\/index.php?rest_route=\/wp\/v2\/pages"}],"about":[{"href":"https:\/\/bestattungen-haubrich.de\/index.php?rest_route=\/wp\/v2\/types\/page"}],"author":[{"embeddable":true,"href":"https:\/\/bestattungen-haubrich.de\/index.php?rest_route=\/wp\/v2\/users\/1"}],"replies":[{"embeddable":true,"href":"https:\/\/bestattungen-haubrich.de\/index.php?rest_route=%2Fwp%2Fv2%2Fcomments&post=12074"}],"version-history":[{"count":10,"href":"https:\/\/bestattungen-haubrich.de\/index.php?rest_route=\/wp\/v2\/pages\/12074\/revisions"}],"predecessor-version":[{"id":12077,"href":"https:\/\/bestattungen-haubrich.de\/index.php?rest_route=\/wp\/v2\/pages\/12074\/revisions\/12077"}],"wp:attachment":[{"href":"https:\/\/bestattungen-haubrich.de\/index.php?rest_route=%2Fwp%2Fv2%2Fmedia&parent=12074"}],"curies":[{"name":"wp","href":"https:\/\/api.w.org\/{rel}","templated":true}]}}